{"id":5,"date":"2025-01-03T20:07:28","date_gmt":"2025-01-03T19:07:28","guid":{"rendered":"http:\/\/innovtech-services.com\/?page_id=5"},"modified":"2025-01-03T23:52:29","modified_gmt":"2025-01-03T22:52:29","slug":"mesmerize","status":"publish","type":"page","link":"https:\/\/innovtech-services.com\/","title":{"rendered":"InnovTech Services"},"content":{"rendered":"<div  data-label=\"qui sommes nous\" data-id=\"about--1\" data-export-id=\"about-1\" data-category=\"about\" class=\"about-1 content-section\" id=\"qui-sommes-nous\" style=\"background-color: rgb(245, 250, 253);\"><div  class=\"gridContainer\"> <div  class=\"row text-center\"><div  class=\"section-title-col\" data-type=\"column\">  <h2  class=\"\">Qui sommes-nous<\/h2> <p  class=\"lead\">InnovTech Services est une soci\u00e9te de service num\u00e9rique, nous sommes passionn\u00e9s par l\u2019innovation technologique et la cr\u00e9ation de solutions web de haute qualit\u00e9 adapt\u00e9es \u00e0 vos besoins. Forts dans le d\u00e9veloppement de sites web et de solutions digitales, nous vous accompagnons dans la conception, la r\u00e9alisation et l\u2019optimisation de votre pr\u00e9sence en ligne.<br ><br >Nous mettons \u00e0 votre disposition une \u00e9quipe d\u2019experts en d\u00e9veloppement informatique, design UX\/UI, SEO, et gestion de projets, pour transformer vos id\u00e9es en solutions concr\u00e8tes et performantes.\n<br ><br > Que vous soyez une petite entreprise, une start-up, ou une grande entreprise, notre objectif est de vous fournir des solutions qui non seulement r\u00e9pondent \u00e0 vos attentes, mais les d\u00e9passent.<\/p><\/div> <\/div> <div  class=\"row\"> <div  class=\"button-holder space-bottom space-bottom-small\" data-type=\"column\"> <\/div> <div  class=\"col-xs bottom-xs flexbox image-group-bottom-3-img space-bottom-xs center-xs\"> <img  decoding=\"async\" class=\"left-img shadow-large-black\" data-size=\"500x300\" src=\"http:\/\/innovtech-services.com\/wp-content\/plugins\/mesmerize-companion\/theme-data\/mesmerize\/sections\/images\/computer-2569652.jpg\"> <img  decoding=\"async\" class=\"center-img shadow-large-black\" data-size=\"500x300\" src=\"http:\/\/innovtech-services.com\/wp-content\/plugins\/mesmerize-companion\/theme-data\/mesmerize\/sections\/images\/apple-1838564.jpg\"> <img  decoding=\"async\" class=\"right-img shadow-large-black\" data-size=\"500x300\" src=\"http:\/\/innovtech-services.com\/wp-content\/plugins\/mesmerize-companion\/theme-data\/mesmerize\/sections\/images\/laptop-2559795.jpg\"><\/div> <\/div><\/div> <\/div><div  data-label=\"Nos valeurs\" data-id=\"overlappable--1\" data-export-id=\"overlappable-4\" data-category=\"overlappable\" class=\"overlappable-4 content-section content-section-spacing\" data-overlap=\"true\" id=\"nos-valeurs\" style=\"background-color: rgb(255, 255, 255);\"><div  class=\"gridContainer\"> <div  data-type=\"row\" class=\"row spaced-cols text-center\"><div  class=\"col-xs-12 col-sm-4 col-padding\"> <i  class=\"fa icon fa-clone large shadow-large-black round aligncenter reverse color1\"><\/i> <div  data-type=\"column\" class=\"\"> <h5  class=\"\">Innovation<\/h5> <p  class=\"\">Nous utilisons les derni\u00e8res technologies pour vous offrir des solutions \u00e0 la pointe du progr\u00e8s.<\/p><\/div> <\/div> <div  class=\"col-xs-12 col-sm-4 col-padding\"> <i  class=\"fa icon fa-cogs large shadow-large-black round aligncenter reverse color1\"><\/i> <div  data-type=\"column\" class=\"\"><h5  class=\"\">Qualit\u00e9<\/h5> <p  class=\"\">Chaque projet que nous r\u00e9alisons est une opportunit\u00e9 de d\u00e9montrer notre engagement envers l\u2019excellence.<\/p><\/div> <\/div> <div  class=\"col-xs-12 col-sm-4 col-padding\"> <i  class=\"fa icon fa-magic large shadow-large-black round aligncenter reverse color1\"><\/i> <div  data-type=\"column\" class=\"\"><h5  class=\"\">Satisfaction client<\/h5> <p  class=\"\">Votre succ\u00e8s est notre priorit\u00e9, et nous travaillons sans rel\u00e2che pour garantir des r\u00e9sultats exceptionnels.<\/p><\/div> <\/div><\/div> <\/div><\/div><div  id=\"nos-services\" style=\"background-color: #f5fafd;\" data-label=\"Nos Services\" data-id=\"content-2\" data-export-id=\"content-2\" data-category=\"content\" class=\"content-2 content-section content-section-spacing\"><div > <div  class=\"row middle-xs\"><div  class=\"col-sm-5 bg-image shadow-large-black\" data-bg=\"image\"><\/div> <div  class=\"col-sm-7 full-col-left-padding full-col-right-padding\"> <div  class=\"row\"> <div  data-type=\"column\" class=\"space-bottom-small content-title-col\">  <h2  class=\"\">D\u00e9veloppement des sites web sur mesure, support et maintenance<\/h2> <p  class=\"\">Nous offrons une gamme compl\u00e8te de services pour r\u00e9pondre \u00e0 tous vos besoins num\u00e9riques. Que vous soyez une startup ambitieuse, une PME en pleine croissance, ou une grande entreprise cherchant \u00e0 moderniser ses infrastructures, nous avons les solutions adapt\u00e9es \u00e0 chaque \u00e9tape de votre projet digital.<br ><br >Notre expertise couvre tous les domaines essentiels du d\u00e9veloppement web : cr\u00e9ation de sites web sur mesure (site vitrine, e-commerce \u2026) strat\u00e9gies SEO avanc\u00e9es, h\u00e9bergement s\u00e9curis\u00e9, support et maintenance.<br ><br >Des Solutions Digitales sur Mesure pour diff\u00e9rents secteurs d\u2019Activit\u00e9:<\/p><\/div> <\/div> <div  class=\"row spaced-cols \" data-type=\"row\"> <div  class=\"col-xs-6\" data-type=\"column\"> <h5  class=\"\">Restauration<\/h5> <\/div> <div  class=\"col-xs-6\" data-type=\"column\"><h5  class=\"\">E-commerce<\/h5> <\/div> <div  class=\"col-xs-6\" data-type=\"column\"><h5  class=\"\">Pharmaceutique<\/h5> <\/div> <div  class=\"col-xs-6\" data-type=\"column\"><h5  class=\"\">Sport et Nutrition<\/h5> <\/div> <\/div><\/div> <\/div><\/div> <\/div><div  id=\"nos-realisations\" style=\"background-color: #ffffff;\" data-label=\"Nos Realisations\" data-id=\"testimonials-5\" data-export-id=\"testimonials-5\" data-category=\"testimonials\" class=\"testimonials-5 content-section content-section-spacing\"><div  class=\"gridContainer\"> <div  class=\"row\"><div  data-type=\"column\" class=\"section-title-col\"> <h2  class=\"\">Nos r\u00e9alisations<\/h2> <p  class=\"lead\">D\u00e9couvrez nos produits innovants pour transformer votre pr\u00e9sence digitale<\/p><\/div> <\/div> <div  class=\"row spaced-cols content-center-sm\" data-type=\"row\"> <div  class=\"col-xs-12 col-sm-6 col-md-4\"> <div  class=\"card y-move bordered\" data-type=\"column\"> <i  class=\"fa fa-quote-right icon color1 small quotation-icon\"><\/i> <p  class=\"text-center\">Site web de vente des compl\u00e9ments alimentaires pour les sportifs<\/p>   <a  class=\"link\" href=\"https:\/\/mynutrition.tn\" target=\"_blank\" data-cp-link=\"1\">https:\/\/mynutrition.tn\/<\/a><\/div> <\/div> <div  class=\"col-xs-12 col-sm-6 col-md-4\"> <div  class=\"card y-move bordered\" data-type=\"column\"> <i  class=\"fa fa-quote-right icon color1 small quotation-icon\"><\/i> <p  class=\"text-center\">Site web vitrine de vente et d\u2019achat des palettes en bois neuves et d\u2019occasions<\/p>   <a  class=\"link\" href=\"https:\/\/lablanche-palette.com\" target=\"_blank\" data-cp-link=\"1\">https:\/\/lablanche-palette.com\/<\/a><\/div> <\/div> <div  class=\"col-xs-12 col-sm-6 col-md-4\"> <div  class=\"card y-move bordered\" data-type=\"column\"> <i  class=\"fa fa-quote-right icon color1 small quotation-icon\"><\/i> <p  class=\"text-center\">Site catalogue e-commerce de vente des produits \u00e9lectrom\u00e9nagers&nbsp;<\/p>   <a  class=\"link\" href=\"https:\/\/dhaoui.tn\" target=\"_blank\" data-cp-link=\"1\">https:\/\/dhaoui.tn\/<\/a><\/div> <\/div><\/div> <\/div><\/div><div  data-label=\"Counters\" data-id=\"counters--1\" data-export-id=\"counters-2\" data-category=\"counters\" class=\"counters-2 content-section content-section-spacing\" id=\"counters-1\" style=\"background-color: rgb(245, 250, 253);\"><div  class=\"gridContainer\"> <div  class=\"row text-center\"><div  class=\"section-title-col\" data-type=\"column\"> <h2  class=\"\">Nos chiffres<\/h2> <\/div> <\/div> <div  class=\"row\" data-type=\"row\"> <div  class=\"col-xs-12 col-sm-4 text-center space-bottom\"> <i  class=\"fa fa-envira icon color1\"><\/i> <h3  class=\"font-400\" data-min=\"0\" data-max=\"80\" data-duration=\"2000\" data-prefix=\"\" data-suffix=\"+\" data-countup=\"true\" style=\"display: inline-block;\"><\/h3> <h5  class=\"upper color2\">Nos themes<\/h5><\/div> <div  class=\"col-xs-12 col-sm-4 text-center space-bottom\"><i  class=\"fa fa-smile-o icon color1\"><\/i> <h3  class=\"font-400\" data-min=\"0\" data-max=\"12\" data-duration=\"2000\" data-prefix=\"\" data-suffix=\"+\" data-countup=\"true\" style=\"display: inline-block;\"><\/h3> <h5  class=\"upper color2\">clients Satisfaits<\/h5><\/div> <div  class=\"col-xs-12 col-sm-4 text-center space-bottom\"><i  class=\"fa fa-trophy icon color1\"><\/i> <h3  class=\"font-400\" data-min=\"0\" data-max=\"12\" data-duration=\"2000\" data-prefix=\"\" data-suffix=\"+\" data-countup=\"true\" style=\"display: inline-block;\"><\/h3> <h5  class=\"upper color2\">PROJEts realis\u00e9s<\/h5><\/div> <\/div><\/div> <\/div><div  id=\"contact-1\" data-label=\"Contact\" data-id=\"contact-1\" data-export-id=\"contact-1\" data-category=\"contact\" class=\"contact-1 content-section content-section-spacing white-text\" data-parallax-depth=\"20\"><div  class=\"gridContainer\"> <div  class=\"row text-center\"><div  class=\"section-title-col\" data-type=\"column\"> <h2  class=\"\">Contactez-nous<\/h2> <p  class=\"lead\">Pour avoir votre devis d\u00e9taill\u00e9 et gratuit sous 24h, n\u2019h\u00e9sitez pas \u00e0 remplir le formulaire ci-dessous.<br >Toute notre \u00e9quipe&nbsp; est \u00e0 votre disposition pour traiter vos demandes dans les meilleurs d\u00e9lais.<\/p><\/div> <\/div> <div  class=\"row text-center\"> <div  class=\"col-xs-12 col-sm-8 col-sm-offset-2 contact-form-wrapper inline-info\"> <div  class=\"card large-padding\"> <div  class=\"\" data-content-shortcode=\"mesmerize_contact_form shortcode=&quot;wpforms id=&amp;amp;quot;62&amp;amp;quot;&quot;\" data-editable=\"true\"><div class=\"wpforms-container wpforms-container-full wpforms-render-modern\" id=\"wpforms-62\"><form id=\"wpforms-form-62\" class=\"wpforms-validate wpforms-form wpforms-ajax-form\" data-formid=\"62\" method=\"post\" enctype=\"multipart\/form-data\" action=\"\/index.php?rest_route=%2Fwp%2Fv2%2Fpages%2F5\" data-token=\"0f50bea2c65e1646d5d625e965f838fc\" data-token-time=\"1776312156\"><noscript class=\"wpforms-error-noscript\">Please enable JavaScript in your browser to complete this form.<\/noscript><div class=\"wpforms-hidden\" id=\"wpforms-error-noscript\">Please enable JavaScript in your browser to complete this form.<\/div><div class=\"wpforms-field-container\"><div id=\"wpforms-62-field_1-container\" class=\"wpforms-field wpforms-field-name\" data-field-id=\"1\"><label class=\"wpforms-field-label\" for=\"wpforms-62-field_1\">Nom du client <span class=\"wpforms-required-label\" aria-hidden=\"true\">*<\/span><\/label><input type=\"text\" id=\"wpforms-62-field_1\" class=\"wpforms-field-medium wpforms-field-required\" name=\"wpforms[fields][1]\" aria-errormessage=\"wpforms-62-field_1-error\" required><\/div><div id=\"wpforms-62-field_2-container\" class=\"wpforms-field wpforms-field-email\" data-field-id=\"2\"><label class=\"wpforms-field-label\" for=\"wpforms-62-field_2\">E-mail <span class=\"wpforms-required-label\" aria-hidden=\"true\">*<\/span><\/label><input type=\"email\" id=\"wpforms-62-field_2\" class=\"wpforms-field-medium wpforms-field-required\" name=\"wpforms[fields][2]\" spellcheck=\"false\" aria-errormessage=\"wpforms-62-field_2-error\" required><\/div><div id=\"wpforms-62-field_4-container\" class=\"wpforms-field wpforms-field-number\" data-field-id=\"4\"><label class=\"wpforms-field-label\" for=\"wpforms-62-field_4\">T\u00e9l\u00e9phone<\/label><input type=\"number\" id=\"wpforms-62-field_4\" class=\"wpforms-field-medium\" name=\"wpforms[fields][4]\" aria-errormessage=\"wpforms-62-field_4-error\" ><\/div><div id=\"wpforms-62-field_3-container\" class=\"wpforms-field wpforms-field-textarea\" data-field-id=\"3\"><label class=\"wpforms-field-label\" for=\"wpforms-62-field_3\">Commentaire ou message<\/label><textarea id=\"wpforms-62-field_3\" class=\"wpforms-field-medium\" name=\"wpforms[fields][3]\" aria-errormessage=\"wpforms-62-field_3-error\" ><\/textarea><\/div><\/div><!-- .wpforms-field-container --><div class=\"wpforms-submit-container\" ><input type=\"hidden\" name=\"wpforms[id]\" value=\"62\"><input type=\"hidden\" name=\"page_title\" value=\"\"><input type=\"hidden\" name=\"page_url\" value=\"https:\/\/innovtech-services.com\/index.php?rest_route=%2Fwp%2Fv2%2Fpages%2F5\"><button type=\"submit\" name=\"wpforms[submit]\" id=\"wpforms-submit-62\" class=\"wpforms-submit\" data-alt-text=\"Envoi...\" data-submit-text=\"Envoyer\" aria-live=\"assertive\" value=\"wpforms-submit\">Envoyer<\/button><img loading=\"lazy\" decoding=\"async\" src=\"https:\/\/innovtech-services.com\/wp-content\/plugins\/wpforms-lite\/assets\/images\/submit-spin.svg\" class=\"wpforms-submit-spinner\" style=\"display: none;\" width=\"26\" height=\"26\" alt=\"Loading\"><\/div><\/form><\/div>  <!-- .wpforms-container --><\/div><\/div> <\/div><\/div> <\/div><\/div>","protected":false},"excerpt":{"rendered":"<p>Qui sommes-nous InnovTech Services est une soci\u00e9te de service num\u00e9rique, nous sommes passionn\u00e9s par l\u2019innovation technologique et la cr\u00e9ation de solutions web de haute qualit\u00e9 adapt\u00e9es \u00e0 vos besoins. Forts dans le d\u00e9veloppement de sites web et de solutions digitales, nous vous accompagnons dans la conception, la r\u00e9alisation et l\u2019optimisation de votre pr\u00e9sence en ligne.Nous&hellip; <br \/> <a class=\"read-more\" href=\"https:\/\/innovtech-services.com\/\">Read more<\/a><\/p>\n","protected":false},"author":1,"featured_media":0,"parent":0,"menu_order":0,"comment_status":"closed","ping_status":"closed","template":"page-templates\/homepage.php","meta":{"footnotes":""},"class_list":["post-5","page","type-page","status-publish","hentry"],"_links":{"self":[{"href":"https:\/\/innovtech-services.com\/index.php?rest_route=\/wp\/v2\/pages\/5","targetHints":{"allow":["GET"]}}],"collection":[{"href":"https:\/\/innovtech-services.com\/index.php?rest_route=\/wp\/v2\/pages"}],"about":[{"href":"https:\/\/innovtech-services.com\/index.php?rest_route=\/wp\/v2\/types\/page"}],"author":[{"embeddable":true,"href":"https:\/\/innovtech-services.com\/index.php?rest_route=\/wp\/v2\/users\/1"}],"replies":[{"embeddable":true,"href":"https:\/\/innovtech-services.com\/index.php?rest_route=%2Fwp%2Fv2%2Fcomments&post=5"}],"version-history":[{"count":35,"href":"https:\/\/innovtech-services.com\/index.php?rest_route=\/wp\/v2\/pages\/5\/revisions"}],"predecessor-version":[{"id":125,"href":"https:\/\/innovtech-services.com\/index.php?rest_route=\/wp\/v2\/pages\/5\/revisions\/125"}],"wp:attachment":[{"href":"https:\/\/innovtech-services.com\/index.php?rest_route=%2Fwp%2Fv2%2Fmedia&parent=5"}],"curies":[{"name":"wp","href":"https:\/\/api.w.org\/{rel}","templated":true}]}}